{"id":11,"date":"2024-01-14T20:23:33","date_gmt":"2024-01-14T20:23:33","guid":{"rendered":"https:\/\/destinoinglaterra.co.uk\/?page_id=11"},"modified":"2025-01-07T11:43:05","modified_gmt":"2025-01-07T11:43:05","slug":"11-2","status":"publish","type":"page","link":"https:\/\/destinoinglaterra.co.uk\/","title":{"rendered":""},"content":{"rendered":"\t\t<div data-elementor-type=\"wp-page\" data-elementor-id=\"11\" class=\"elementor elementor-11\">\n\t\t\t\t<div class=\"elementor-element elementor-element-8a59035 e-flex e-con-boxed e-con e-parent\" data-id=\"8a59035\" data-element_type=\"container\">\n\t\t\t\t\t<div class=\"e-con-inner\">\n\t\t\t\t<div class=\"elementor-element elementor-element-27043b4 elementor-widget-mobile__width-inherit elementor-widget elementor-widget-image\" data-id=\"27043b4\" data-element_type=\"widget\" data-widget_type=\"image.default\">\n\t\t\t\t<div class=\"elementor-widget-container\">\n\t\t\t\t\t\t\t\t\t\t\t\t\t\t\t<img fetchpriority=\"high\" decoding=\"async\" width=\"1200\" height=\"400\" src=\"https:\/\/destinoinglaterra.co.uk\/wp-content\/uploads\/2024\/01\/imigracao-londres.gif\" class=\"attachment-full size-full wp-image-13\" alt=\"imigracao-londres\" \/>\t\t\t\t\t\t\t\t\t\t\t\t\t\t\t<\/div>\n\t\t\t\t<\/div>\n\t\t\t\t\t<\/div>\n\t\t\t\t<\/div>\n\t\t<div class=\"elementor-element elementor-element-b7c2337 e-flex e-con-boxed e-con e-parent\" data-id=\"b7c2337\" data-element_type=\"container\">\n\t\t\t\t\t<div class=\"e-con-inner\">\n\t\t<div class=\"elementor-element elementor-element-537f7b9 e-flex e-con-boxed e-con e-child\" data-id=\"537f7b9\" data-element_type=\"container\">\n\t\t\t\t\t<div class=\"e-con-inner\">\n\t\t\t\t<div class=\"elementor-element elementor-element-8ae7ba7 elementor-widget elementor-widget-heading\" data-id=\"8ae7ba7\" data-element_type=\"widget\" data-widget_type=\"heading.default\">\n\t\t\t\t<div class=\"elementor-widget-container\">\n\t\t\t\t\t<h2 class=\"elementor-heading-title elementor-size-default\">Planeje a sua viagem para Londres!<\/h2>\t\t\t\t<\/div>\n\t\t\t\t<\/div>\n\t\t\t\t\t<\/div>\n\t\t\t\t<\/div>\n\t\t\t\t<div class=\"elementor-element elementor-element-0e16c11 elementor-widget__width-initial elementor-widget elementor-widget-text-editor\" data-id=\"0e16c11\" data-element_type=\"widget\" data-widget_type=\"text-editor.default\">\n\t\t\t\t<div class=\"elementor-widget-container\">\n\t\t\t\t\t\t\t\t\t<p>Preencha os campos abaixo para receber gratuitamente o nosso Guia de ingl\u00eas para a imigra\u00e7\u00e3o + uma planilha de viagem<\/p>\t\t\t\t\t\t\t\t<\/div>\n\t\t\t\t<\/div>\n\t\t<div class=\"elementor-element elementor-element-d28ff0f e-flex e-con-boxed e-con e-child\" data-id=\"d28ff0f\" data-element_type=\"container\" data-settings=\"{&quot;animation&quot;:&quot;none&quot;}\">\n\t\t\t\t\t<div class=\"e-con-inner\">\n\t\t<div class=\"elementor-element elementor-element-1b3d265 e-flex e-con-boxed elementor-invisible e-con e-child\" data-id=\"1b3d265\" data-element_type=\"container\" data-settings=\"{&quot;animation&quot;:&quot;bounceInLeft&quot;}\">\n\t\t\t\t\t<div class=\"e-con-inner\">\n\t\t\t\t<div class=\"elementor-element elementor-element-396dd91 elementor-widget elementor-widget-image\" data-id=\"396dd91\" data-element_type=\"widget\" data-widget_type=\"image.default\">\n\t\t\t\t<div class=\"elementor-widget-container\">\n\t\t\t\t\t\t\t\t\t\t\t\t\t\t\t<img decoding=\"async\" src=\"https:\/\/destinoinglaterra.co.uk\/wp-content\/uploads\/elementor\/thumbs\/ingles-viagem-londres-imigracao-qiba10717kaoe6e9ot5tu4e5yq6qc6o8p5x151enj4.jpg\" title=\"ingles-viagem-londres-imigracao\" alt=\"ngles-viagem-londres\" loading=\"lazy\" \/>\t\t\t\t\t\t\t\t\t\t\t\t\t\t\t<\/div>\n\t\t\t\t<\/div>\n\t\t\t\t\t<\/div>\n\t\t\t\t<\/div>\n\t\t<div class=\"elementor-element elementor-element-5966a48 e-flex e-con-boxed elementor-invisible e-con e-child\" data-id=\"5966a48\" data-element_type=\"container\" data-settings=\"{&quot;animation&quot;:&quot;bounceInRight&quot;}\">\n\t\t\t\t\t<div class=\"e-con-inner\">\n\t\t<div class=\"elementor-element elementor-element-b9ae114 e-con-full e-flex e-con e-child\" data-id=\"b9ae114\" data-element_type=\"container\">\n\t\t\t\t<div class=\"elementor-element elementor-element-d073da9 elementor-widget elementor-widget-html\" data-id=\"d073da9\" data-element_type=\"widget\" data-widget_type=\"html.default\">\n\t\t\t\t<div class=\"elementor-widget-container\">\n\t\t\t\t\t<iframe width=\"540\" height=\"595\" src=\"https:\/\/b88d144c.sibforms.com\/serve\/MUIFANjkUeqMTu1bK4MPTO5COjvat1Sq3hjv835-9DzLbsZj3TVJiOEcBZ5la5VvZmaNWhUNPUkhNIsWxBSzSYi8xey3HT1nYaefpDpDDIwSk_8_yBeU-SjrBvA1GeQ4fpfQzS4bXyhARe-QeUIsUOwl756v0tzDYTBli7zCsrLpwxMrZpYfDG08LrMHGlRUuy79eGux0hX1c1_E\" frameborder=\"0\" scrolling=\"auto\" allowfullscreen style=\"display: block;margin-left: auto;margin-right: auto;max-width: 100%;\"><\/iframe>\t\t\t\t<\/div>\n\t\t\t\t<\/div>\n\t\t\t\t<\/div>\n\t\t\t\t\t<\/div>\n\t\t\t\t<\/div>\n\t\t\t\t\t<\/div>\n\t\t\t\t<\/div>\n\t\t<div class=\"elementor-element elementor-element-ffc5ccf e-con-full e-flex e-con e-child\" data-id=\"ffc5ccf\" data-element_type=\"container\" data-settings=\"{&quot;animation&quot;:&quot;none&quot;}\">\n\t\t<div class=\"elementor-element elementor-element-451f8b5 e-con-full e-flex elementor-invisible e-con e-child\" data-id=\"451f8b5\" data-element_type=\"container\" data-settings=\"{&quot;animation&quot;:&quot;bounceInLeft&quot;}\">\n\t\t\t\t<div class=\"elementor-element elementor-element-dee24de elementor-widget elementor-widget-heading\" data-id=\"dee24de\" data-element_type=\"widget\" data-widget_type=\"heading.default\">\n\t\t\t\t<div class=\"elementor-widget-container\">\n\t\t\t\t\t<h2 class=\"elementor-heading-title elementor-size-default\">Guia Explorando Londres em 3 Dias<\/h2>\t\t\t\t<\/div>\n\t\t\t\t<\/div>\n\t\t\t\t<div class=\"elementor-element elementor-element-3568168 elementor-widget elementor-widget-text-editor\" data-id=\"3568168\" data-element_type=\"widget\" data-widget_type=\"text-editor.default\">\n\t\t\t\t<div class=\"elementor-widget-container\">\n\t\t\t\t\t\t\t\t\t<div class=\"layout-element layout-element--layout layout-element transition transition--slide\" data-v-9ddc5313=\"\" data-animation-state=\"active\">\n<div id=\"zfh5_1\" class=\"text-box layout-element__component layout-element__component--GridTextBox\" data-v-9ddc5313=\"\" data-qa=\"gridtextbox:zfh5_1\">\n<p dir=\"auto\"><strong>Criado por quem nasceu e conhece a cidade como ningu\u00e9m!<\/strong><\/p>\n<\/div>\n<\/div>\n<div class=\"layout-element layout-element--layout layout-element transition transition--slide\" data-v-9ddc5313=\"\" data-animation-state=\"active\">\n<div id=\"zn-ixg\" class=\"text-box layout-element__component layout-element__component--GridTextBox\" data-v-9ddc5313=\"\" data-qa=\"gridtextbox:zn-ixg\">\n<p class=\"body\" dir=\"auto\">O &#8220;<strong>Explorando Londres em 3 dias&#8221;<\/strong>&nbsp;\u00e9 o guia perfeito para brasileiros que est\u00e3o visitando Londres pela primeira vez.<\/p>\n<p class=\"body\" dir=\"auto\">Selecionamos os melhores lugares adorados por turistas e londrinos, com <strong>mapas detalhados, instru\u00e7\u00f5es de como chegar, dicas valiosas de restaurantes, transporte e muito mais.<\/strong><\/p>\n<p class=\"body\" dir=\"auto\"><strong>Tudo o que voc\u00ea precisa para aproveitar ao m\u00e1ximo a cidade.<\/strong> Garanta o seu roteiro agora e viva uma experi\u00eancia inesquec\u00edvel aqui na terra do rei!<\/p>\n<\/div>\n<\/div>\t\t\t\t\t\t\t\t<\/div>\n\t\t\t\t<\/div>\n\t\t\t\t<\/div>\n\t\t<div class=\"elementor-element elementor-element-53be299 e-flex e-con-boxed elementor-invisible e-con e-child\" data-id=\"53be299\" data-element_type=\"container\" data-settings=\"{&quot;animation&quot;:&quot;bounceInRight&quot;}\">\n\t\t\t\t\t<div class=\"e-con-inner\">\n\t\t\t\t<div class=\"elementor-element elementor-element-0cb9450 elementor-widget elementor-widget-image\" data-id=\"0cb9450\" data-element_type=\"widget\" data-widget_type=\"image.default\">\n\t\t\t\t<div class=\"elementor-widget-container\">\n\t\t\t\t\t\t\t\t\t\t\t\t\t\t\t<img decoding=\"async\" width=\"800\" height=\"800\" src=\"https:\/\/destinoinglaterra.co.uk\/wp-content\/uploads\/2024\/10\/passeio-em-londres-1024x1024.jpg\" class=\"attachment-large size-large wp-image-118\" alt=\"\" srcset=\"https:\/\/destinoinglaterra.co.uk\/wp-content\/uploads\/2024\/10\/passeio-em-londres-1024x1024.jpg 1024w, https:\/\/destinoinglaterra.co.uk\/wp-content\/uploads\/2024\/10\/passeio-em-londres-300x300.jpg 300w, https:\/\/destinoinglaterra.co.uk\/wp-content\/uploads\/2024\/10\/passeio-em-londres-150x150.jpg 150w, https:\/\/destinoinglaterra.co.uk\/wp-content\/uploads\/2024\/10\/passeio-em-londres-768x768.jpg 768w, https:\/\/destinoinglaterra.co.uk\/wp-content\/uploads\/2024\/10\/passeio-em-londres.jpg 1080w\" sizes=\"(max-width: 800px) 100vw, 800px\" \/>\t\t\t\t\t\t\t\t\t\t\t\t\t\t\t<\/div>\n\t\t\t\t<\/div>\n\t\t\t\t\t<\/div>\n\t\t\t\t<\/div>\n\t\t\t\t<\/div>\n\t\t\t\t\t<\/div>\n\t\t\t\t<\/div>\n\t\t<div class=\"elementor-element elementor-element-999cb1d e-flex e-con-boxed e-con e-parent\" data-id=\"999cb1d\" data-element_type=\"container\">\n\t\t\t\t\t<div class=\"e-con-inner\">\n\t\t<div class=\"elementor-element elementor-element-92b294e e-con-full e-flex e-con e-child\" data-id=\"92b294e\" data-element_type=\"container\">\n\t\t\t\t<div class=\"elementor-element elementor-element-26765f0 elementor-align-center elementor-widget__width-initial elementor-widget elementor-widget-button\" data-id=\"26765f0\" data-element_type=\"widget\" data-settings=\"{&quot;_animation&quot;:&quot;none&quot;}\" data-widget_type=\"button.default\">\n\t\t\t\t<div class=\"elementor-widget-container\">\n\t\t\t\t\t\t\t\t\t<div class=\"elementor-button-wrapper\">\n\t\t\t\t\t<a class=\"elementor-button elementor-button-link elementor-size-sm\" href=\"https:\/\/roteiro-londres.destinoinglaterra.co.uk\/\">\n\t\t\t\t\t\t<span class=\"elementor-button-content-wrapper\">\n\t\t\t\t\t\t\t\t\t<span class=\"elementor-button-text\">SAIBA MAIS<\/span>\n\t\t\t\t\t<\/span>\n\t\t\t\t\t<\/a>\n\t\t\t\t<\/div>\n\t\t\t\t\t\t\t\t<\/div>\n\t\t\t\t<\/div>\n\t\t\t\t<\/div>\n\t\t\t\t\t<\/div>\n\t\t\t\t<\/div>\n\t\t<div class=\"elementor-element elementor-element-a2f4dbc e-flex e-con-boxed e-con e-parent\" data-id=\"a2f4dbc\" data-element_type=\"container\" data-settings=\"{&quot;background_background&quot;:&quot;classic&quot;}\">\n\t\t\t\t\t<div class=\"e-con-inner\">\n\t\t<div class=\"elementor-element elementor-element-eefa669 e-flex e-con-boxed e-con e-child\" data-id=\"eefa669\" data-element_type=\"container\">\n\t\t\t\t\t<div class=\"e-con-inner\">\n\t\t<div class=\"elementor-element elementor-element-39ff7ba e-flex e-con-boxed e-con e-child\" data-id=\"39ff7ba\" data-element_type=\"container\">\n\t\t\t\t\t<div class=\"e-con-inner\">\n\t\t\t\t<div class=\"elementor-element elementor-element-4235312 elementor-widget elementor-widget-heading\" data-id=\"4235312\" data-element_type=\"widget\" data-widget_type=\"heading.default\">\n\t\t\t\t<div class=\"elementor-widget-container\">\n\t\t\t\t\t<h2 class=\"elementor-heading-title elementor-size-default\">SOBRE OS CRIADORES\n<\/h2>\t\t\t\t<\/div>\n\t\t\t\t<\/div>\n\t\t\t\t<div class=\"elementor-element elementor-element-f908510 elementor-widget__width-initial elementor-widget elementor-widget-text-editor\" data-id=\"f908510\" data-element_type=\"widget\" data-widget_type=\"text-editor.default\">\n\t\t\t\t<div class=\"elementor-widget-container\">\n\t\t\t\t\t\t\t\t\t<div class=\"mcnTextBlock\"><div class=\"mcnTextBlockInner\"><div><div class=\"mcnTextContent\"><p dir=\"ltr\">Mari e Dave s\u00e3o professores de ingl\u00eas e criadores do &#8220;Destino Inglaterra&#8221; e &#8220;Aprenda Ingl\u00eas Brit\u00e2nico&#8221;.<br \/>Seus v\u00eddeos com dicas de ingl\u00eas, interc\u00e2mbio, vida na Inglaterra e curiosidades sobre a cultura brit\u00e2nica j\u00e1 ajudaram mais de 2 milh\u00f5es de pessoas.<\/p><p dir=\"ltr\">De uma maneira divertida e bem humorada, Mari e Dave mostram Londres e o interior da Inglaterra, trazendo dicas para a sua viagem ou simplesmente tirar as suas d\u00favidas sobre o pa\u00eds.<\/p><\/div><\/div><\/div><\/div>\t\t\t\t\t\t\t\t<\/div>\n\t\t\t\t<\/div>\n\t\t<div class=\"elementor-element elementor-element-7d46f58 e-flex e-con-boxed e-con e-child\" data-id=\"7d46f58\" data-element_type=\"container\">\n\t\t\t\t\t<div class=\"e-con-inner\">\n\t\t<div class=\"elementor-element elementor-element-910dfa2 e-flex e-con-boxed e-con e-child\" data-id=\"910dfa2\" data-element_type=\"container\">\n\t\t\t\t\t<div class=\"e-con-inner\">\n\t\t\t\t<div class=\"elementor-element elementor-element-20e8fb9 elementor-widget elementor-widget-image\" data-id=\"20e8fb9\" data-element_type=\"widget\" data-widget_type=\"image.default\">\n\t\t\t\t<div class=\"elementor-widget-container\">\n\t\t\t\t\t\t\t\t\t\t\t\t\t\t\t<img decoding=\"async\" width=\"1080\" height=\"1350\" src=\"https:\/\/destinoinglaterra.co.uk\/wp-content\/uploads\/2024\/10\/Insta-long-post-19.jpg\" class=\"attachment-full size-full wp-image-114\" alt=\"imigracao londres\" srcset=\"https:\/\/destinoinglaterra.co.uk\/wp-content\/uploads\/2024\/10\/Insta-long-post-19.jpg 1080w, https:\/\/destinoinglaterra.co.uk\/wp-content\/uploads\/2024\/10\/Insta-long-post-19-240x300.jpg 240w, https:\/\/destinoinglaterra.co.uk\/wp-content\/uploads\/2024\/10\/Insta-long-post-19-819x1024.jpg 819w, https:\/\/destinoinglaterra.co.uk\/wp-content\/uploads\/2024\/10\/Insta-long-post-19-768x960.jpg 768w\" sizes=\"(max-width: 1080px) 100vw, 1080px\" \/>\t\t\t\t\t\t\t\t\t\t\t\t\t\t\t<\/div>\n\t\t\t\t<\/div>\n\t\t\t\t<div class=\"elementor-element elementor-element-d4a10ac elementor-widget elementor-widget-heading\" data-id=\"d4a10ac\" data-element_type=\"widget\" data-widget_type=\"heading.default\">\n\t\t\t\t<div class=\"elementor-widget-container\">\n\t\t\t\t\t<h2 class=\"elementor-heading-title elementor-size-default\">MARIANA BELKO\n<\/h2>\t\t\t\t<\/div>\n\t\t\t\t<\/div>\n\t\t\t\t<div class=\"elementor-element elementor-element-63332b2 elementor-widget elementor-widget-text-editor\" data-id=\"63332b2\" data-element_type=\"widget\" data-widget_type=\"text-editor.default\">\n\t\t\t\t<div class=\"elementor-widget-container\">\n\t\t\t\t\t\t\t\t\t<div class=\"mcnCaptionBlockInner\"><div class=\"\"><div><div class=\"mcnTextContent\"><p>Mari \u00e9 brasileira e mora na Inglaterra h\u00e1 mais de 20 anos.<\/p><p>Com a qualifica\u00e7\u00e3o em TEFL (Teaching English as a Foreign Language \u2013 Ensino de ingl\u00eas como l\u00edngua estrangeira), Mari possui mais de 10 anos de experi\u00eancia no ensino de ingl\u00eas brit\u00e2nico para brasileiros.<\/p><\/div><\/div><\/div><\/div><div class=\"mcnCaptionBlockInner\"><div class=\"\"><div><div class=\"mcnCaptionBottomImageContent\">\u00a0<\/div><\/div><\/div><\/div>\t\t\t\t\t\t\t\t<\/div>\n\t\t\t\t<\/div>\n\t\t\t\t\t<\/div>\n\t\t\t\t<\/div>\n\t\t<div class=\"elementor-element elementor-element-59b9e1d e-flex e-con-boxed e-con e-child\" data-id=\"59b9e1d\" data-element_type=\"container\">\n\t\t\t\t\t<div class=\"e-con-inner\">\n\t\t\t\t<div class=\"elementor-element elementor-element-01e1b87 elementor-widget elementor-widget-image\" data-id=\"01e1b87\" data-element_type=\"widget\" data-widget_type=\"image.default\">\n\t\t\t\t<div class=\"elementor-widget-container\">\n\t\t\t\t\t\t\t\t\t\t\t\t\t\t\t<img loading=\"lazy\" decoding=\"async\" width=\"1080\" height=\"1350\" src=\"https:\/\/destinoinglaterra.co.uk\/wp-content\/uploads\/2024\/10\/dave-profile.jpg\" class=\"attachment-full size-full wp-image-117\" alt=\"imigracao-londres\" srcset=\"https:\/\/destinoinglaterra.co.uk\/wp-content\/uploads\/2024\/10\/dave-profile.jpg 1080w, https:\/\/destinoinglaterra.co.uk\/wp-content\/uploads\/2024\/10\/dave-profile-240x300.jpg 240w, https:\/\/destinoinglaterra.co.uk\/wp-content\/uploads\/2024\/10\/dave-profile-819x1024.jpg 819w, https:\/\/destinoinglaterra.co.uk\/wp-content\/uploads\/2024\/10\/dave-profile-768x960.jpg 768w\" sizes=\"(max-width: 1080px) 100vw, 1080px\" \/>\t\t\t\t\t\t\t\t\t\t\t\t\t\t\t<\/div>\n\t\t\t\t<\/div>\n\t\t\t\t<div class=\"elementor-element elementor-element-db69170 elementor-widget elementor-widget-heading\" data-id=\"db69170\" data-element_type=\"widget\" data-widget_type=\"heading.default\">\n\t\t\t\t<div class=\"elementor-widget-container\">\n\t\t\t\t\t<h2 class=\"elementor-heading-title elementor-size-default\">DAVE NICHOLAS\n<\/h2>\t\t\t\t<\/div>\n\t\t\t\t<\/div>\n\t\t\t\t<div class=\"elementor-element elementor-element-41eaed3 elementor-widget elementor-widget-text-editor\" data-id=\"41eaed3\" data-element_type=\"widget\" data-widget_type=\"text-editor.default\">\n\t\t\t\t<div class=\"elementor-widget-container\">\n\t\t\t\t\t\t\t\t\t<p>O Dave \u00e9 brit\u00e2nico e tamb\u00e9m conhece muito bem as dificuldades enfrentadas ao aprender um novo idioma.<br \/><br \/>Apesar de ainda enfrentar algumas barreiras, Dave conseguiu aprender portugu\u00eas sem nunca ter morado no Brasil, provando que com dedica\u00e7\u00e3o e um m\u00e9todo eficiente \u00e9 poss\u00edvel aprender um segundo idioma sem sair de casa!<\/p>\t\t\t\t\t\t\t\t<\/div>\n\t\t\t\t<\/div>\n\t\t\t\t\t<\/div>\n\t\t\t\t<\/div>\n\t\t\t\t\t<\/div>\n\t\t\t\t<\/div>\n\t\t\t\t\t<\/div>\n\t\t\t\t<\/div>\n\t\t\t\t\t<\/div>\n\t\t\t\t<\/div>\n\t\t\t\t\t<\/div>\n\t\t\t\t<\/div>\n\t\t<div class=\"elementor-element elementor-element-ba98c30 e-flex e-con-boxed e-con e-parent\" data-id=\"ba98c30\" data-element_type=\"container\">\n\t\t\t\t\t<div class=\"e-con-inner\">\n\t\t\t\t<div class=\"elementor-element elementor-element-e6f0f0b elementor-shape-rounded elementor-grid-0 e-grid-align-center elementor-widget elementor-widget-social-icons\" data-id=\"e6f0f0b\" data-element_type=\"widget\" data-widget_type=\"social-icons.default\">\n\t\t\t\t<div class=\"elementor-widget-container\">\n\t\t\t\t\t\t\t<div class=\"elementor-social-icons-wrapper elementor-grid\">\n\t\t\t\t\t\t\t<span class=\"elementor-grid-item\">\n\t\t\t\t\t<a class=\"elementor-icon elementor-social-icon elementor-social-icon-youtube elementor-repeater-item-f04f01d\" href=\"https:\/\/www.youtube.com\/@destinoinglaterra\/videos\" target=\"_blank\">\n\t\t\t\t\t\t<span class=\"elementor-screen-only\">Youtube<\/span>\n\t\t\t\t\t\t<svg class=\"e-font-icon-svg e-fab-youtube\" viewBox=\"0 0 576 512\" xmlns=\"http:\/\/www.w3.org\/2000\/svg\"><path d=\"M549.655 124.083c-6.281-23.65-24.787-42.276-48.284-48.597C458.781 64 288 64 288 64S117.22 64 74.629 75.486c-23.497 6.322-42.003 24.947-48.284 48.597-11.412 42.867-11.412 132.305-11.412 132.305s0 89.438 11.412 132.305c6.281 23.65 24.787 41.5 48.284 47.821C117.22 448 288 448 288 448s170.78 0 213.371-11.486c23.497-6.321 42.003-24.171 48.284-47.821 11.412-42.867 11.412-132.305 11.412-132.305s0-89.438-11.412-132.305zm-317.51 213.508V175.185l142.739 81.205-142.739 81.201z\"><\/path><\/svg>\t\t\t\t\t<\/a>\n\t\t\t\t<\/span>\n\t\t\t\t\t\t\t<span class=\"elementor-grid-item\">\n\t\t\t\t\t<a class=\"elementor-icon elementor-social-icon elementor-social-icon-instagram elementor-repeater-item-28cbed4\" href=\"https:\/\/www.instagram.com\/destinoinglaterra\/\" target=\"_blank\">\n\t\t\t\t\t\t<span class=\"elementor-screen-only\">Instagram<\/span>\n\t\t\t\t\t\t<svg class=\"e-font-icon-svg e-fab-instagram\" viewBox=\"0 0 448 512\" xmlns=\"http:\/\/www.w3.org\/2000\/svg\"><path d=\"M224.1 141c-63.6 0-114.9 51.3-114.9 114.9s51.3 114.9 114.9 114.9S339 319.5 339 255.9 287.7 141 224.1 141zm0 189.6c-41.1 0-74.7-33.5-74.7-74.7s33.5-74.7 74.7-74.7 74.7 33.5 74.7 74.7-33.6 74.7-74.7 74.7zm146.4-194.3c0 14.9-12 26.8-26.8 26.8-14.9 0-26.8-12-26.8-26.8s12-26.8 26.8-26.8 26.8 12 26.8 26.8zm76.1 27.2c-1.7-35.9-9.9-67.7-36.2-93.9-26.2-26.2-58-34.4-93.9-36.2-37-2.1-147.9-2.1-184.9 0-35.8 1.7-67.6 9.9-93.9 36.1s-34.4 58-36.2 93.9c-2.1 37-2.1 147.9 0 184.9 1.7 35.9 9.9 67.7 36.2 93.9s58 34.4 93.9 36.2c37 2.1 147.9 2.1 184.9 0 35.9-1.7 67.7-9.9 93.9-36.2 26.2-26.2 34.4-58 36.2-93.9 2.1-37 2.1-147.8 0-184.8zM398.8 388c-7.8 19.6-22.9 34.7-42.6 42.6-29.5 11.7-99.5 9-132.1 9s-102.7 2.6-132.1-9c-19.6-7.8-34.7-22.9-42.6-42.6-11.7-29.5-9-99.5-9-132.1s-2.6-102.7 9-132.1c7.8-19.6 22.9-34.7 42.6-42.6 29.5-11.7 99.5-9 132.1-9s102.7-2.6 132.1 9c19.6 7.8 34.7 22.9 42.6 42.6 11.7 29.5 9 99.5 9 132.1s2.7 102.7-9 132.1z\"><\/path><\/svg>\t\t\t\t\t<\/a>\n\t\t\t\t<\/span>\n\t\t\t\t\t<\/div>\n\t\t\t\t\t\t<\/div>\n\t\t\t\t<\/div>\n\t\t\t\t<div class=\"elementor-element elementor-element-9515a2b elementor-widget elementor-widget-text-editor\" data-id=\"9515a2b\" data-element_type=\"widget\" data-widget_type=\"text-editor.default\">\n\t\t\t\t<div class=\"elementor-widget-container\">\n\t\t\t\t\t\t\t\t\t<p>\u00a9 2025 Destino Inglaterra &#8211; Todos os direitos reservados.<\/p><section id=\"comments\" class=\"comments-area\"><\/section>\t\t\t\t\t\t\t\t<\/div>\n\t\t\t\t<\/div>\n\t\t\t\t\t<\/div>\n\t\t\t\t<\/div>\n\t\t\t\t<\/div>\n\t\t","protected":false},"excerpt":{"rendered":"<p>Planeje a sua viagem para Londres! Preencha os campos abaixo para receber gratuitamente o nosso Guia de ingl\u00eas para a imigra\u00e7\u00e3o + uma planilha de viagem Guia Explorando Londres em 3 Dias Criado por quem nasceu e conhece a cidade como ningu\u00e9m! O &#8220;Explorando Londres em 3 dias&#8221;&nbsp;\u00e9 o guia perfeito para brasileiros que est\u00e3o [&hellip;]<\/p>\n","protected":false},"author":1,"featured_media":0,"parent":0,"menu_order":0,"comment_status":"closed","ping_status":"closed","template":"","meta":{"footnotes":""},"class_list":["post-11","page","type-page","status-publish","hentry"],"_links":{"self":[{"href":"https:\/\/destinoinglaterra.co.uk\/index.php?rest_route=\/wp\/v2\/pages\/11","targetHints":{"allow":["GET"]}}],"collection":[{"href":"https:\/\/destinoinglaterra.co.uk\/index.php?rest_route=\/wp\/v2\/pages"}],"about":[{"href":"https:\/\/destinoinglaterra.co.uk\/index.php?rest_route=\/wp\/v2\/types\/page"}],"author":[{"embeddable":true,"href":"https:\/\/destinoinglaterra.co.uk\/index.php?rest_route=\/wp\/v2\/users\/1"}],"replies":[{"embeddable":true,"href":"https:\/\/destinoinglaterra.co.uk\/index.php?rest_route=%2Fwp%2Fv2%2Fcomments&post=11"}],"version-history":[{"count":96,"href":"https:\/\/destinoinglaterra.co.uk\/index.php?rest_route=\/wp\/v2\/pages\/11\/revisions"}],"predecessor-version":[{"id":135,"href":"https:\/\/destinoinglaterra.co.uk\/index.php?rest_route=\/wp\/v2\/pages\/11\/revisions\/135"}],"wp:attachment":[{"href":"https:\/\/destinoinglaterra.co.uk\/index.php?rest_route=%2Fwp%2Fv2%2Fmedia&parent=11"}],"curies":[{"name":"wp","href":"https:\/\/api.w.org\/{rel}","templated":true}]}}